{"id":2,"date":"2021-11-13T19:50:57","date_gmt":"2021-11-13T18:50:57","guid":{"rendered":"http:\/\/radiometeory.pl\/?page_id=2"},"modified":"2021-11-15T00:38:57","modified_gmt":"2021-11-14T23:38:57","slug":"przykladowa-strona","status":"publish","type":"page","link":"https:\/\/radiometeory.pl\/en\/","title":{"rendered":"About"},"content":{"rendered":"<p>The project of radio meteor observations was born out of frustration with the weather, which repeatedly destroys the plans of astronomy enthusiasts. As far as a lot of objects in the sky are concerned - where they were a week ago, they are now, and they will be next week. Usually it is possible to return to observations. Unfortunately - in case of meteors, where sometimes their maxima are short you have to wait until next year.<\/p>\n\n\n\n<p>As the Earth moves through the solar system, it encounters single - so called sporadic - meteors on its way. In the case of larger, ordered groupings, we speak of swarms. These are remnants of moving comets. When the Earth's and swarm's orbits intersect, an intense bombardment of the Earth's atmosphere takes place. In some conditions meteors fall into the Earth's atmosphere with an impressive speed of up to 71 km\/s.<\/p>\n\n\n\n<div class=\"wp-block-image\"><figure class=\"aligncenter size-large is-resized\"><img decoding=\"async\" src=\"https:\/\/radiometeory.pl\/wp-content\/uploads\/2021\/11\/20211111_112429-1024x768.jpg\" alt=\"\" class=\"wp-image-27\" width=\"512\" height=\"384\" srcset=\"https:\/\/radiometeory.pl\/wp-content\/uploads\/2021\/11\/20211111_112429-1024x768.jpg 1024w, https:\/\/radiometeory.pl\/wp-content\/uploads\/2021\/11\/20211111_112429-300x225.jpg 300w, https:\/\/radiometeory.pl\/wp-content\/uploads\/2021\/11\/20211111_112429-768x576.jpg 768w, https:\/\/radiometeory.pl\/wp-content\/uploads\/2021\/11\/20211111_112429-1536x1152.jpg 1536w, https:\/\/radiometeory.pl\/wp-content\/uploads\/2021\/11\/20211111_112429.jpg 1920w\" sizes=\"(max-width: 512px) 100vw, 512px\" \/><figcaption>&#8222;Meteory sporadyczne, roje meteor\u00f3w i orbita Ziemi&#8221; &#8211; &#8222;Poradnik ultrakr\u00f3tkofalowca&#8221; aut. mgr in\u017c. Zdzis\u0142awa Bie\u0144kowskiego<\/figcaption><\/figure><\/div>\n\n\n\n<p>Due to friction most of them evaporate in the upper layers of the atmosphere (a few fall to the surface as meteorites). The hot vapors of the burning meteor along with the gases of the atmosphere undergo thermo-ionization, creating an ionized trail on its flight path (which can be observed as a \"shooting star\"). Such a hot, glowing trail becomes a \"mirror\" for radio waves.<\/p>\n\n\n\n<p>This property - reflecting radio waves and being able to record them - is the basis of this project.<\/p>\n\n\n\n<p><a href=\"https:\/\/radiometeory.pl\/en\/jak-to-dziala\/\" data-type=\"page\" data-id=\"31\">How does it work?<\/a><\/p>\n\n\n\n<p><\/p>","protected":false},"excerpt":{"rendered":"<p>Projekt radiowych obserwacji meteor\u00f3w narodzi\u0142 si\u0119 z frustracji w pewnym sensie pogod\u0105, kt\u00f3ra wielokrotnie krzy\u017cuje plany mi\u0142o\u015bnikom astronomii. O ile w przypadku sporej cz\u0119\u015bci obiekt\u00f3w na niebie &#8211; tam gdzie by\u0142y tydzie\u0144 temu, tam s\u0105 teraz, tam te\u017c b\u0119d\u0105 za tydzie\u0144. Zazwyczaj do obserwacji mo\u017cna powr\u00f3ci\u0107. Niestety &#8211; w przypadku meteor\u00f3w, gdzie niekiedy ich maksima &hellip; <\/p>\n<p class=\"link-more\"><a href=\"https:\/\/radiometeory.pl\/en\/\" class=\"more-link\">Continue reading<span class=\"screen-reader-text\"> &#8222;O projekcie&#8221;<\/span><\/a><\/p>","protected":false},"author":1,"featured_media":0,"parent":0,"menu_order":0,"comment_status":"closed","ping_status":"open","template":"","meta":{"footnotes":""},"class_list":["post-2","page","type-page","status-publish","hentry"],"yoast_head":"<!-- This site is optimized with the Yoast SEO plugin v27.3 - https:\/\/yoast.com\/product\/yoast-seo-wordpress\/ -->\n<title>O projekcie - Radiometeory<\/title>\n<meta name=\"robots\" content=\"index, follow, max-snippet:-1, max-image-preview:large, max-video-preview:-1\" \/>\n<link rel=\"canonical\" href=\"https:\/\/radiometeory.pl\/en\/\" \/>\n<meta property=\"og:locale\" content=\"en_US\" \/>\n<meta property=\"og:type\" content=\"article\" \/>\n<meta property=\"og:title\" content=\"O projekcie - Radiometeory\" \/>\n<meta property=\"og:description\" content=\"Projekt radiowych obserwacji meteor\u00f3w narodzi\u0142 si\u0119 z frustracji w pewnym sensie pogod\u0105, kt\u00f3ra wielokrotnie krzy\u017cuje plany mi\u0142o\u015bnikom astronomii. O ile w przypadku sporej cz\u0119\u015bci obiekt\u00f3w na niebie &#8211; tam gdzie by\u0142y tydzie\u0144 temu, tam s\u0105 teraz, tam te\u017c b\u0119d\u0105 za tydzie\u0144. Zazwyczaj do obserwacji mo\u017cna powr\u00f3ci\u0107. Niestety &#8211; w przypadku meteor\u00f3w, gdzie niekiedy ich maksima &hellip; Continue reading &quot;O projekcie&quot;\" \/>\n<meta property=\"og:url\" content=\"https:\/\/radiometeory.pl\/en\/\" \/>\n<meta property=\"og:site_name\" content=\"Radiometeory\" \/>\n<meta property=\"article:modified_time\" content=\"2021-11-14T23:38:57+00:00\" \/>\n<meta property=\"og:image\" content=\"https:\/\/radiometeory.pl\/wp-content\/uploads\/2021\/11\/20211111_112429-1024x768.jpg\" \/>\n<meta name=\"twitter:card\" content=\"summary_large_image\" \/>\n<meta name=\"twitter:label1\" content=\"Est. reading time\" \/>\n\t<meta name=\"twitter:data1\" content=\"1 minute\" \/>\n<script type=\"application\/ld+json\" class=\"yoast-schema-graph\">{\"@context\":\"https:\\\/\\\/schema.org\",\"@graph\":[{\"@type\":\"WebPage\",\"@id\":\"https:\\\/\\\/radiometeory.pl\\\/\",\"url\":\"https:\\\/\\\/radiometeory.pl\\\/\",\"name\":\"O projekcie - Radiometeory\",\"isPartOf\":{\"@id\":\"https:\\\/\\\/radiometeory.pl\\\/#website\"},\"primaryImageOfPage\":{\"@id\":\"https:\\\/\\\/radiometeory.pl\\\/#primaryimage\"},\"image\":{\"@id\":\"https:\\\/\\\/radiometeory.pl\\\/#primaryimage\"},\"thumbnailUrl\":\"https:\\\/\\\/radiometeory.pl\\\/wp-content\\\/uploads\\\/2021\\\/11\\\/20211111_112429-1024x768.jpg\",\"datePublished\":\"2021-11-13T18:50:57+00:00\",\"dateModified\":\"2021-11-14T23:38:57+00:00\",\"breadcrumb\":{\"@id\":\"https:\\\/\\\/radiometeory.pl\\\/#breadcrumb\"},\"inLanguage\":\"en-US\",\"potentialAction\":[{\"@type\":\"ReadAction\",\"target\":[\"https:\\\/\\\/radiometeory.pl\\\/\"]}]},{\"@type\":\"ImageObject\",\"inLanguage\":\"en-US\",\"@id\":\"https:\\\/\\\/radiometeory.pl\\\/#primaryimage\",\"url\":\"https:\\\/\\\/radiometeory.pl\\\/wp-content\\\/uploads\\\/2021\\\/11\\\/20211111_112429-1024x768.jpg\",\"contentUrl\":\"https:\\\/\\\/radiometeory.pl\\\/wp-content\\\/uploads\\\/2021\\\/11\\\/20211111_112429-1024x768.jpg\"},{\"@type\":\"BreadcrumbList\",\"@id\":\"https:\\\/\\\/radiometeory.pl\\\/#breadcrumb\",\"itemListElement\":[{\"@type\":\"ListItem\",\"position\":1,\"name\":\"Strona g\u0142\u00f3wna\",\"item\":\"https:\\\/\\\/radiometeory.pl\\\/\"},{\"@type\":\"ListItem\",\"position\":2,\"name\":\"O projekcie\"}]},{\"@type\":\"WebSite\",\"@id\":\"https:\\\/\\\/radiometeory.pl\\\/#website\",\"url\":\"https:\\\/\\\/radiometeory.pl\\\/\",\"name\":\"Radiometeory\",\"description\":\"Radiowe obserwacje meteor\u00f3w\",\"publisher\":{\"@id\":\"https:\\\/\\\/radiometeory.pl\\\/#\\\/schema\\\/person\\\/890fe81cf5011b6fbb8fb5eee41325cc\"},\"potentialAction\":[{\"@type\":\"SearchAction\",\"target\":{\"@type\":\"EntryPoint\",\"urlTemplate\":\"https:\\\/\\\/radiometeory.pl\\\/?s={search_term_string}\"},\"query-input\":{\"@type\":\"PropertyValueSpecification\",\"valueRequired\":true,\"valueName\":\"search_term_string\"}}],\"inLanguage\":\"en-US\"},{\"@type\":[\"Person\",\"Organization\"],\"@id\":\"https:\\\/\\\/radiometeory.pl\\\/#\\\/schema\\\/person\\\/890fe81cf5011b6fbb8fb5eee41325cc\",\"name\":\"Piotr\",\"image\":{\"@type\":\"ImageObject\",\"inLanguage\":\"en-US\",\"@id\":\"https:\\\/\\\/secure.gravatar.com\\\/avatar\\\/a7e0a0416e69eade5b34d7b9e22a18c05b560db0bd817ea767443f4b1f62ab9b?s=96&d=mm&r=g\",\"url\":\"https:\\\/\\\/secure.gravatar.com\\\/avatar\\\/a7e0a0416e69eade5b34d7b9e22a18c05b560db0bd817ea767443f4b1f62ab9b?s=96&d=mm&r=g\",\"contentUrl\":\"https:\\\/\\\/secure.gravatar.com\\\/avatar\\\/a7e0a0416e69eade5b34d7b9e22a18c05b560db0bd817ea767443f4b1f62ab9b?s=96&d=mm&r=g\",\"caption\":\"Piotr\"},\"logo\":{\"@id\":\"https:\\\/\\\/secure.gravatar.com\\\/avatar\\\/a7e0a0416e69eade5b34d7b9e22a18c05b560db0bd817ea767443f4b1f62ab9b?s=96&d=mm&r=g\"},\"sameAs\":[\"http:\\\/\\\/radiometeory.pl\"]}]}<\/script>\n<!-- \/ Yoast SEO plugin. -->","yoast_head_json":{"title":"O projekcie - Radiometeory","robots":{"index":"index","follow":"follow","max-snippet":"max-snippet:-1","max-image-preview":"max-image-preview:large","max-video-preview":"max-video-preview:-1"},"canonical":"https:\/\/radiometeory.pl\/en\/","og_locale":"en_US","og_type":"article","og_title":"O projekcie - Radiometeory","og_description":"Projekt radiowych obserwacji meteor\u00f3w narodzi\u0142 si\u0119 z frustracji w pewnym sensie pogod\u0105, kt\u00f3ra wielokrotnie krzy\u017cuje plany mi\u0142o\u015bnikom astronomii. O ile w przypadku sporej cz\u0119\u015bci obiekt\u00f3w na niebie &#8211; tam gdzie by\u0142y tydzie\u0144 temu, tam s\u0105 teraz, tam te\u017c b\u0119d\u0105 za tydzie\u0144. Zazwyczaj do obserwacji mo\u017cna powr\u00f3ci\u0107. Niestety &#8211; w przypadku meteor\u00f3w, gdzie niekiedy ich maksima &hellip; Continue reading \"O projekcie\"","og_url":"https:\/\/radiometeory.pl\/en\/","og_site_name":"Radiometeory","article_modified_time":"2021-11-14T23:38:57+00:00","og_image":[{"url":"https:\/\/radiometeory.pl\/wp-content\/uploads\/2021\/11\/20211111_112429-1024x768.jpg","type":"","width":"","height":""}],"twitter_card":"summary_large_image","twitter_misc":{"Est. reading time":"1 minute"},"schema":{"@context":"https:\/\/schema.org","@graph":[{"@type":"WebPage","@id":"https:\/\/radiometeory.pl\/","url":"https:\/\/radiometeory.pl\/","name":"O projekcie - Radiometeory","isPartOf":{"@id":"https:\/\/radiometeory.pl\/#website"},"primaryImageOfPage":{"@id":"https:\/\/radiometeory.pl\/#primaryimage"},"image":{"@id":"https:\/\/radiometeory.pl\/#primaryimage"},"thumbnailUrl":"https:\/\/radiometeory.pl\/wp-content\/uploads\/2021\/11\/20211111_112429-1024x768.jpg","datePublished":"2021-11-13T18:50:57+00:00","dateModified":"2021-11-14T23:38:57+00:00","breadcrumb":{"@id":"https:\/\/radiometeory.pl\/#breadcrumb"},"inLanguage":"en-US","potentialAction":[{"@type":"ReadAction","target":["https:\/\/radiometeory.pl\/"]}]},{"@type":"ImageObject","inLanguage":"en-US","@id":"https:\/\/radiometeory.pl\/#primaryimage","url":"https:\/\/radiometeory.pl\/wp-content\/uploads\/2021\/11\/20211111_112429-1024x768.jpg","contentUrl":"https:\/\/radiometeory.pl\/wp-content\/uploads\/2021\/11\/20211111_112429-1024x768.jpg"},{"@type":"BreadcrumbList","@id":"https:\/\/radiometeory.pl\/#breadcrumb","itemListElement":[{"@type":"ListItem","position":1,"name":"Strona g\u0142\u00f3wna","item":"https:\/\/radiometeory.pl\/"},{"@type":"ListItem","position":2,"name":"O projekcie"}]},{"@type":"WebSite","@id":"https:\/\/radiometeory.pl\/#website","url":"https:\/\/radiometeory.pl\/","name":"Radiometeory","description":"Radiowe obserwacje meteor\u00f3w","publisher":{"@id":"https:\/\/radiometeory.pl\/#\/schema\/person\/890fe81cf5011b6fbb8fb5eee41325cc"},"potentialAction":[{"@type":"SearchAction","target":{"@type":"EntryPoint","urlTemplate":"https:\/\/radiometeory.pl\/?s={search_term_string}"},"query-input":{"@type":"PropertyValueSpecification","valueRequired":true,"valueName":"search_term_string"}}],"inLanguage":"en-US"},{"@type":["Person","Organization"],"@id":"https:\/\/radiometeory.pl\/#\/schema\/person\/890fe81cf5011b6fbb8fb5eee41325cc","name":"Piotr","image":{"@type":"ImageObject","inLanguage":"en-US","@id":"https:\/\/secure.gravatar.com\/avatar\/a7e0a0416e69eade5b34d7b9e22a18c05b560db0bd817ea767443f4b1f62ab9b?s=96&d=mm&r=g","url":"https:\/\/secure.gravatar.com\/avatar\/a7e0a0416e69eade5b34d7b9e22a18c05b560db0bd817ea767443f4b1f62ab9b?s=96&d=mm&r=g","contentUrl":"https:\/\/secure.gravatar.com\/avatar\/a7e0a0416e69eade5b34d7b9e22a18c05b560db0bd817ea767443f4b1f62ab9b?s=96&d=mm&r=g","caption":"Piotr"},"logo":{"@id":"https:\/\/secure.gravatar.com\/avatar\/a7e0a0416e69eade5b34d7b9e22a18c05b560db0bd817ea767443f4b1f62ab9b?s=96&d=mm&r=g"},"sameAs":["http:\/\/radiometeory.pl"]}]}},"_links":{"self":[{"href":"https:\/\/radiometeory.pl\/en\/wp-json\/wp\/v2\/pages\/2","targetHints":{"allow":["GET"]}}],"collection":[{"href":"https:\/\/radiometeory.pl\/en\/wp-json\/wp\/v2\/pages"}],"about":[{"href":"https:\/\/radiometeory.pl\/en\/wp-json\/wp\/v2\/types\/page"}],"author":[{"embeddable":true,"href":"https:\/\/radiometeory.pl\/en\/wp-json\/wp\/v2\/users\/1"}],"replies":[{"embeddable":true,"href":"https:\/\/radiometeory.pl\/en\/wp-json\/wp\/v2\/comments?post=2"}],"version-history":[{"count":10,"href":"https:\/\/radiometeory.pl\/en\/wp-json\/wp\/v2\/pages\/2\/revisions"}],"predecessor-version":[{"id":66,"href":"https:\/\/radiometeory.pl\/en\/wp-json\/wp\/v2\/pages\/2\/revisions\/66"}],"wp:attachment":[{"href":"https:\/\/radiometeory.pl\/en\/wp-json\/wp\/v2\/media?parent=2"}],"curies":[{"name":"wp","href":"https:\/\/api.w.org\/{rel}","templated":true}]}}