{"id":38,"date":"2021-11-14T01:18:17","date_gmt":"2021-11-14T00:18:17","guid":{"rendered":"https:\/\/radiometeory.pl\/?page_id=38"},"modified":"2021-11-16T08:47:19","modified_gmt":"2021-11-16T07:47:19","slug":"jak-to-wyglada","status":"publish","type":"page","link":"https:\/\/radiometeory.pl\/en\/jak-to-wyglada\/","title":{"rendered":"How does it look like?"},"content":{"rendered":"<div class=\"wp-block-image\"><figure class=\"aligncenter size-large is-resized\"><img decoding=\"async\" src=\"https:\/\/radiometeory.pl\/wp-content\/uploads\/2021\/11\/met1-1024x819.jpg\" alt=\"\" class=\"wp-image-49\" width=\"512\" height=\"410\" srcset=\"https:\/\/radiometeory.pl\/wp-content\/uploads\/2021\/11\/met1-1024x819.jpg 1024w, https:\/\/radiometeory.pl\/wp-content\/uploads\/2021\/11\/met1-300x240.jpg 300w, https:\/\/radiometeory.pl\/wp-content\/uploads\/2021\/11\/met1-768x614.jpg 768w, https:\/\/radiometeory.pl\/wp-content\/uploads\/2021\/11\/met1.jpg 1280w\" sizes=\"(max-width: 512px) 100vw, 512px\" \/><figcaption>This graphic shows a recorded large meteor preceded by several small ones.<\/figcaption><\/figure><\/div>\n\n\n\n<div class=\"wp-block-image\"><figure class=\"aligncenter size-large is-resized\"><img decoding=\"async\" src=\"https:\/\/radiometeory.pl\/wp-content\/uploads\/2021\/11\/spory-edited.jpg\" alt=\"\" class=\"wp-image-63\" width=\"437\" height=\"349\" srcset=\"https:\/\/radiometeory.pl\/wp-content\/uploads\/2021\/11\/spory-edited.jpg 582w, https:\/\/radiometeory.pl\/wp-content\/uploads\/2021\/11\/spory-edited-300x240.jpg 300w\" sizes=\"(max-width: 437px) 100vw, 437px\" \/><figcaption>Here we recorded the passage of a meteor that was much larger than the previous one. For meteors recorded in 2m band it is typical (in comparison to 6m band), that you can see flares on the diagram and yes you can hear characteristic \"pings\", but they are quite short and the echo doesn't last long. For this to happen the meteor must be large - so that the plasma is quite dense. The higher the frequency of the wave, the higher the electron density of the plasma must be. <\/figcaption><\/figure><\/div>\n\n\n\n<div class=\"wp-block-image\"><figure class=\"aligncenter size-large is-resized\"><img decoding=\"async\" src=\"https:\/\/radiometeory.pl\/wp-content\/uploads\/2021\/11\/met2-1024x819.jpg\" alt=\"\" class=\"wp-image-48\" width=\"512\" height=\"410\" srcset=\"https:\/\/radiometeory.pl\/wp-content\/uploads\/2021\/11\/met2-1024x819.jpg 1024w, https:\/\/radiometeory.pl\/wp-content\/uploads\/2021\/11\/met2-300x240.jpg 300w, https:\/\/radiometeory.pl\/wp-content\/uploads\/2021\/11\/met2-768x614.jpg 768w, https:\/\/radiometeory.pl\/wp-content\/uploads\/2021\/11\/met2.jpg 1280w\" sizes=\"(max-width: 512px) 100vw, 512px\" \/><figcaption>Here you can see several small meteors and one larger one.<\/figcaption><\/figure><\/div>\n\n\n\n<div class=\"wp-block-image\"><figure class=\"aligncenter size-large is-resized\"><img decoding=\"async\" src=\"https:\/\/radiometeory.pl\/wp-content\/uploads\/2021\/11\/samolot-1024x819.jpg\" alt=\"\" class=\"wp-image-46\" width=\"512\" height=\"410\" srcset=\"https:\/\/radiometeory.pl\/wp-content\/uploads\/2021\/11\/samolot-1024x819.jpg 1024w, https:\/\/radiometeory.pl\/wp-content\/uploads\/2021\/11\/samolot-300x240.jpg 300w, https:\/\/radiometeory.pl\/wp-content\/uploads\/2021\/11\/samolot-768x614.jpg 768w, https:\/\/radiometeory.pl\/wp-content\/uploads\/2021\/11\/samolot.jpg 1280w\" sizes=\"(max-width: 512px) 100vw, 512px\" \/><figcaption>Here you can see the Doppler effect - most likely a satellite moving away at the most favorable moment \"blinks\" with radio waves. <\/figcaption><\/figure><\/div>\n\n\n\n<div class=\"wp-block-image\"><figure class=\"aligncenter size-large is-resized\"><img decoding=\"async\" src=\"https:\/\/radiometeory.pl\/wp-content\/uploads\/2021\/11\/eme-1024x819.jpg\" alt=\"\" class=\"wp-image-77\" width=\"512\" height=\"410\" srcset=\"https:\/\/radiometeory.pl\/wp-content\/uploads\/2021\/11\/eme-1024x819.jpg 1024w, https:\/\/radiometeory.pl\/wp-content\/uploads\/2021\/11\/eme-300x240.jpg 300w, https:\/\/radiometeory.pl\/wp-content\/uploads\/2021\/11\/eme-768x614.jpg 768w, https:\/\/radiometeory.pl\/wp-content\/uploads\/2021\/11\/eme.jpg 1280w\" sizes=\"(max-width: 512px) 100vw, 512px\" \/><figcaption>And finally - very interesting recording - the same signal recorded twice. On the right side - from a reflection from the meteor. On the left side - most likely - from an EME reflection (Earth - Moon - Earth) - reflection from the Moon. Supposed frequency reflected from the Moon is lower compared to the frequency reflected from the meteor, and the incoming signals on the B-frequency are slightly sooner.<\/figcaption><\/figure><\/div>\n\n\n\n<p>Przejd\u017a do tansmisji <a href=\"https:\/\/radiometeory.pl\/en\/na-zywo\/\" data-type=\"page\" data-id=\"43\">Watch it LIVE!<\/a> <\/p>\n\n\n\n<p>W razie pyta\u0144 &#8211; prosz\u0119 o zostawianie komentarzy bezpo\u015brednio na YT.<\/p>","protected":false},"excerpt":{"rendered":"<p>Przejd\u017a do tansmisji NA \u017bYWO! W razie pyta\u0144 &#8211; prosz\u0119 o zostawianie komentarzy bezpo\u015brednio na YT.<\/p>","protected":false},"author":1,"featured_media":0,"parent":0,"menu_order":0,"comment_status":"closed","ping_status":"closed","template":"","meta":{"footnotes":""},"class_list":["post-38","page","type-page","status-publish","hentry"],"yoast_head":"<!-- This site is optimized with the Yoast SEO plugin v27.4 - https:\/\/yoast.com\/product\/yoast-seo-wordpress\/ -->\n<title>Jak to wygl\u0105da? - Radiometeory<\/title>\n<meta name=\"robots\" content=\"index, follow, max-snippet:-1, max-image-preview:large, max-video-preview:-1\" \/>\n<link rel=\"canonical\" href=\"https:\/\/radiometeory.pl\/en\/jak-to-wyglada\/\" \/>\n<meta property=\"og:locale\" content=\"en_US\" \/>\n<meta property=\"og:type\" content=\"article\" \/>\n<meta property=\"og:title\" content=\"Jak to wygl\u0105da? - Radiometeory\" \/>\n<meta property=\"og:description\" content=\"Przejd\u017a do tansmisji NA \u017bYWO! W razie pyta\u0144 &#8211; prosz\u0119 o zostawianie komentarzy bezpo\u015brednio na YT.\" \/>\n<meta property=\"og:url\" content=\"https:\/\/radiometeory.pl\/en\/jak-to-wyglada\/\" \/>\n<meta property=\"og:site_name\" content=\"Radiometeory\" \/>\n<meta property=\"article:modified_time\" content=\"2021-11-16T07:47:19+00:00\" \/>\n<meta property=\"og:image\" content=\"https:\/\/radiometeory.pl\/wp-content\/uploads\/2021\/11\/met1-1024x819.jpg\" \/>\n<meta name=\"twitter:card\" content=\"summary_large_image\" \/>\n<meta name=\"twitter:label1\" content=\"Est. reading time\" \/>\n\t<meta name=\"twitter:data1\" content=\"1 minute\" \/>\n<script type=\"application\/ld+json\" class=\"yoast-schema-graph\">{\"@context\":\"https:\\\/\\\/schema.org\",\"@graph\":[{\"@type\":\"WebPage\",\"@id\":\"https:\\\/\\\/radiometeory.pl\\\/jak-to-wyglada\\\/\",\"url\":\"https:\\\/\\\/radiometeory.pl\\\/jak-to-wyglada\\\/\",\"name\":\"Jak to wygl\u0105da? - Radiometeory\",\"isPartOf\":{\"@id\":\"https:\\\/\\\/radiometeory.pl\\\/#website\"},\"primaryImageOfPage\":{\"@id\":\"https:\\\/\\\/radiometeory.pl\\\/jak-to-wyglada\\\/#primaryimage\"},\"image\":{\"@id\":\"https:\\\/\\\/radiometeory.pl\\\/jak-to-wyglada\\\/#primaryimage\"},\"thumbnailUrl\":\"https:\\\/\\\/radiometeory.pl\\\/wp-content\\\/uploads\\\/2021\\\/11\\\/met1-1024x819.jpg\",\"datePublished\":\"2021-11-14T00:18:17+00:00\",\"dateModified\":\"2021-11-16T07:47:19+00:00\",\"breadcrumb\":{\"@id\":\"https:\\\/\\\/radiometeory.pl\\\/jak-to-wyglada\\\/#breadcrumb\"},\"inLanguage\":\"en-US\",\"potentialAction\":[{\"@type\":\"ReadAction\",\"target\":[\"https:\\\/\\\/radiometeory.pl\\\/jak-to-wyglada\\\/\"]}]},{\"@type\":\"ImageObject\",\"inLanguage\":\"en-US\",\"@id\":\"https:\\\/\\\/radiometeory.pl\\\/jak-to-wyglada\\\/#primaryimage\",\"url\":\"https:\\\/\\\/radiometeory.pl\\\/wp-content\\\/uploads\\\/2021\\\/11\\\/met1-1024x819.jpg\",\"contentUrl\":\"https:\\\/\\\/radiometeory.pl\\\/wp-content\\\/uploads\\\/2021\\\/11\\\/met1-1024x819.jpg\"},{\"@type\":\"BreadcrumbList\",\"@id\":\"https:\\\/\\\/radiometeory.pl\\\/jak-to-wyglada\\\/#breadcrumb\",\"itemListElement\":[{\"@type\":\"ListItem\",\"position\":1,\"name\":\"Strona g\u0142\u00f3wna\",\"item\":\"https:\\\/\\\/radiometeory.pl\\\/\"},{\"@type\":\"ListItem\",\"position\":2,\"name\":\"Jak to wygl\u0105da?\"}]},{\"@type\":\"WebSite\",\"@id\":\"https:\\\/\\\/radiometeory.pl\\\/#website\",\"url\":\"https:\\\/\\\/radiometeory.pl\\\/\",\"name\":\"Radiometeory\",\"description\":\"Radiowe obserwacje meteor\u00f3w\",\"publisher\":{\"@id\":\"https:\\\/\\\/radiometeory.pl\\\/#\\\/schema\\\/person\\\/890fe81cf5011b6fbb8fb5eee41325cc\"},\"potentialAction\":[{\"@type\":\"SearchAction\",\"target\":{\"@type\":\"EntryPoint\",\"urlTemplate\":\"https:\\\/\\\/radiometeory.pl\\\/?s={search_term_string}\"},\"query-input\":{\"@type\":\"PropertyValueSpecification\",\"valueRequired\":true,\"valueName\":\"search_term_string\"}}],\"inLanguage\":\"en-US\"},{\"@type\":[\"Person\",\"Organization\"],\"@id\":\"https:\\\/\\\/radiometeory.pl\\\/#\\\/schema\\\/person\\\/890fe81cf5011b6fbb8fb5eee41325cc\",\"name\":\"Piotr\",\"image\":{\"@type\":\"ImageObject\",\"inLanguage\":\"en-US\",\"@id\":\"https:\\\/\\\/secure.gravatar.com\\\/avatar\\\/a7e0a0416e69eade5b34d7b9e22a18c05b560db0bd817ea767443f4b1f62ab9b?s=96&d=mm&r=g\",\"url\":\"https:\\\/\\\/secure.gravatar.com\\\/avatar\\\/a7e0a0416e69eade5b34d7b9e22a18c05b560db0bd817ea767443f4b1f62ab9b?s=96&d=mm&r=g\",\"contentUrl\":\"https:\\\/\\\/secure.gravatar.com\\\/avatar\\\/a7e0a0416e69eade5b34d7b9e22a18c05b560db0bd817ea767443f4b1f62ab9b?s=96&d=mm&r=g\",\"caption\":\"Piotr\"},\"logo\":{\"@id\":\"https:\\\/\\\/secure.gravatar.com\\\/avatar\\\/a7e0a0416e69eade5b34d7b9e22a18c05b560db0bd817ea767443f4b1f62ab9b?s=96&d=mm&r=g\"},\"sameAs\":[\"http:\\\/\\\/radiometeory.pl\"]}]}<\/script>\n<!-- \/ Yoast SEO plugin. -->","yoast_head_json":{"title":"Jak to wygl\u0105da? - Radiometeory","robots":{"index":"index","follow":"follow","max-snippet":"max-snippet:-1","max-image-preview":"max-image-preview:large","max-video-preview":"max-video-preview:-1"},"canonical":"https:\/\/radiometeory.pl\/en\/jak-to-wyglada\/","og_locale":"en_US","og_type":"article","og_title":"Jak to wygl\u0105da? - Radiometeory","og_description":"Przejd\u017a do tansmisji NA \u017bYWO! W razie pyta\u0144 &#8211; prosz\u0119 o zostawianie komentarzy bezpo\u015brednio na YT.","og_url":"https:\/\/radiometeory.pl\/en\/jak-to-wyglada\/","og_site_name":"Radiometeory","article_modified_time":"2021-11-16T07:47:19+00:00","og_image":[{"url":"https:\/\/radiometeory.pl\/wp-content\/uploads\/2021\/11\/met1-1024x819.jpg","type":"","width":"","height":""}],"twitter_card":"summary_large_image","twitter_misc":{"Est. reading time":"1 minute"},"schema":{"@context":"https:\/\/schema.org","@graph":[{"@type":"WebPage","@id":"https:\/\/radiometeory.pl\/jak-to-wyglada\/","url":"https:\/\/radiometeory.pl\/jak-to-wyglada\/","name":"Jak to wygl\u0105da? - Radiometeory","isPartOf":{"@id":"https:\/\/radiometeory.pl\/#website"},"primaryImageOfPage":{"@id":"https:\/\/radiometeory.pl\/jak-to-wyglada\/#primaryimage"},"image":{"@id":"https:\/\/radiometeory.pl\/jak-to-wyglada\/#primaryimage"},"thumbnailUrl":"https:\/\/radiometeory.pl\/wp-content\/uploads\/2021\/11\/met1-1024x819.jpg","datePublished":"2021-11-14T00:18:17+00:00","dateModified":"2021-11-16T07:47:19+00:00","breadcrumb":{"@id":"https:\/\/radiometeory.pl\/jak-to-wyglada\/#breadcrumb"},"inLanguage":"en-US","potentialAction":[{"@type":"ReadAction","target":["https:\/\/radiometeory.pl\/jak-to-wyglada\/"]}]},{"@type":"ImageObject","inLanguage":"en-US","@id":"https:\/\/radiometeory.pl\/jak-to-wyglada\/#primaryimage","url":"https:\/\/radiometeory.pl\/wp-content\/uploads\/2021\/11\/met1-1024x819.jpg","contentUrl":"https:\/\/radiometeory.pl\/wp-content\/uploads\/2021\/11\/met1-1024x819.jpg"},{"@type":"BreadcrumbList","@id":"https:\/\/radiometeory.pl\/jak-to-wyglada\/#breadcrumb","itemListElement":[{"@type":"ListItem","position":1,"name":"Strona g\u0142\u00f3wna","item":"https:\/\/radiometeory.pl\/"},{"@type":"ListItem","position":2,"name":"Jak to wygl\u0105da?"}]},{"@type":"WebSite","@id":"https:\/\/radiometeory.pl\/#website","url":"https:\/\/radiometeory.pl\/","name":"Radiometeory","description":"Radiowe obserwacje meteor\u00f3w","publisher":{"@id":"https:\/\/radiometeory.pl\/#\/schema\/person\/890fe81cf5011b6fbb8fb5eee41325cc"},"potentialAction":[{"@type":"SearchAction","target":{"@type":"EntryPoint","urlTemplate":"https:\/\/radiometeory.pl\/?s={search_term_string}"},"query-input":{"@type":"PropertyValueSpecification","valueRequired":true,"valueName":"search_term_string"}}],"inLanguage":"en-US"},{"@type":["Person","Organization"],"@id":"https:\/\/radiometeory.pl\/#\/schema\/person\/890fe81cf5011b6fbb8fb5eee41325cc","name":"Piotr","image":{"@type":"ImageObject","inLanguage":"en-US","@id":"https:\/\/secure.gravatar.com\/avatar\/a7e0a0416e69eade5b34d7b9e22a18c05b560db0bd817ea767443f4b1f62ab9b?s=96&d=mm&r=g","url":"https:\/\/secure.gravatar.com\/avatar\/a7e0a0416e69eade5b34d7b9e22a18c05b560db0bd817ea767443f4b1f62ab9b?s=96&d=mm&r=g","contentUrl":"https:\/\/secure.gravatar.com\/avatar\/a7e0a0416e69eade5b34d7b9e22a18c05b560db0bd817ea767443f4b1f62ab9b?s=96&d=mm&r=g","caption":"Piotr"},"logo":{"@id":"https:\/\/secure.gravatar.com\/avatar\/a7e0a0416e69eade5b34d7b9e22a18c05b560db0bd817ea767443f4b1f62ab9b?s=96&d=mm&r=g"},"sameAs":["http:\/\/radiometeory.pl"]}]}},"_links":{"self":[{"href":"https:\/\/radiometeory.pl\/en\/wp-json\/wp\/v2\/pages\/38","targetHints":{"allow":["GET"]}}],"collection":[{"href":"https:\/\/radiometeory.pl\/en\/wp-json\/wp\/v2\/pages"}],"about":[{"href":"https:\/\/radiometeory.pl\/en\/wp-json\/wp\/v2\/types\/page"}],"author":[{"embeddable":true,"href":"https:\/\/radiometeory.pl\/en\/wp-json\/wp\/v2\/users\/1"}],"replies":[{"embeddable":true,"href":"https:\/\/radiometeory.pl\/en\/wp-json\/wp\/v2\/comments?post=38"}],"version-history":[{"count":7,"href":"https:\/\/radiometeory.pl\/en\/wp-json\/wp\/v2\/pages\/38\/revisions"}],"predecessor-version":[{"id":81,"href":"https:\/\/radiometeory.pl\/en\/wp-json\/wp\/v2\/pages\/38\/revisions\/81"}],"wp:attachment":[{"href":"https:\/\/radiometeory.pl\/en\/wp-json\/wp\/v2\/media?parent=38"}],"curies":[{"name":"wp","href":"https:\/\/api.w.org\/{rel}","templated":true}]}}