{"id":43,"date":"2021-11-14T01:31:54","date_gmt":"2021-11-14T00:31:54","guid":{"rendered":"https:\/\/radiometeory.pl\/?page_id=43"},"modified":"2023-08-13T22:11:14","modified_gmt":"2023-08-13T20:11:14","slug":"na-zywo","status":"publish","type":"page","link":"https:\/\/radiometeory.pl\/en\/na-zywo\/","title":{"rendered":"Watch it LIVE!"},"content":{"rendered":"<p>Watch radiometeors Live! on YT. <\/p>\n\n\n\n<figure class=\"wp-block-embed is-type-video is-provider-youtube wp-block-embed-youtube wp-embed-aspect-4-3 wp-has-aspect-ratio\"><div class=\"wp-block-embed__wrapper\">\n<iframe loading=\"lazy\" title=\"Perseids meteor shower peak 13\/14.08.2023 (central Europe - night) - radio observations\" width=\"525\" height=\"295\" src=\"https:\/\/www.youtube.com\/embed\/vPGA5vCvHx8?feature=oembed\" frameborder=\"0\" allow=\"accelerometer; autoplay; clipboard-write; encrypted-media; gyroscope; picture-in-picture; web-share\" referrerpolicy=\"strict-origin-when-cross-origin\" allowfullscreen><\/iframe>\n<\/div><\/figure>","protected":false},"excerpt":{"rendered":"<p>Watch radiometeors Live! on YT.<\/p>","protected":false},"author":1,"featured_media":0,"parent":0,"menu_order":0,"comment_status":"closed","ping_status":"closed","template":"","meta":{"footnotes":""},"class_list":["post-43","page","type-page","status-publish","hentry"],"yoast_head":"<!-- This site is optimized with the Yoast SEO plugin v27.4 - https:\/\/yoast.com\/product\/yoast-seo-wordpress\/ -->\n<title>NA \u017bYWO! - Radiometeory<\/title>\n<meta name=\"robots\" content=\"index, follow, max-snippet:-1, max-image-preview:large, max-video-preview:-1\" \/>\n<link rel=\"canonical\" href=\"https:\/\/radiometeory.pl\/en\/na-zywo\/\" \/>\n<meta property=\"og:locale\" content=\"en_US\" \/>\n<meta property=\"og:type\" content=\"article\" \/>\n<meta property=\"og:title\" content=\"NA \u017bYWO! - Radiometeory\" \/>\n<meta property=\"og:description\" content=\"Zapraszam do radiowych obserwacji meteor\u00f3w na \u017cywo!\" \/>\n<meta property=\"og:url\" content=\"https:\/\/radiometeory.pl\/en\/na-zywo\/\" \/>\n<meta property=\"og:site_name\" content=\"Radiometeory\" \/>\n<meta property=\"article:modified_time\" content=\"2023-08-13T20:11:14+00:00\" \/>\n<meta name=\"twitter:card\" content=\"summary_large_image\" \/>\n<meta name=\"twitter:label1\" content=\"Est. reading time\" \/>\n\t<meta name=\"twitter:data1\" content=\"1 minute\" \/>\n<script type=\"application\/ld+json\" class=\"yoast-schema-graph\">{\"@context\":\"https:\\\/\\\/schema.org\",\"@graph\":[{\"@type\":\"WebPage\",\"@id\":\"https:\\\/\\\/radiometeory.pl\\\/na-zywo\\\/\",\"url\":\"https:\\\/\\\/radiometeory.pl\\\/na-zywo\\\/\",\"name\":\"NA \u017bYWO! - Radiometeory\",\"isPartOf\":{\"@id\":\"https:\\\/\\\/radiometeory.pl\\\/#website\"},\"datePublished\":\"2021-11-14T00:31:54+00:00\",\"dateModified\":\"2023-08-13T20:11:14+00:00\",\"breadcrumb\":{\"@id\":\"https:\\\/\\\/radiometeory.pl\\\/na-zywo\\\/#breadcrumb\"},\"inLanguage\":\"en-US\",\"potentialAction\":[{\"@type\":\"ReadAction\",\"target\":[\"https:\\\/\\\/radiometeory.pl\\\/na-zywo\\\/\"]}]},{\"@type\":\"BreadcrumbList\",\"@id\":\"https:\\\/\\\/radiometeory.pl\\\/na-zywo\\\/#breadcrumb\",\"itemListElement\":[{\"@type\":\"ListItem\",\"position\":1,\"name\":\"Strona g\u0142\u00f3wna\",\"item\":\"https:\\\/\\\/radiometeory.pl\\\/\"},{\"@type\":\"ListItem\",\"position\":2,\"name\":\"NA \u017bYWO!\"}]},{\"@type\":\"WebSite\",\"@id\":\"https:\\\/\\\/radiometeory.pl\\\/#website\",\"url\":\"https:\\\/\\\/radiometeory.pl\\\/\",\"name\":\"Radiometeory\",\"description\":\"Radiowe obserwacje meteor\u00f3w\",\"publisher\":{\"@id\":\"https:\\\/\\\/radiometeory.pl\\\/#\\\/schema\\\/person\\\/890fe81cf5011b6fbb8fb5eee41325cc\"},\"potentialAction\":[{\"@type\":\"SearchAction\",\"target\":{\"@type\":\"EntryPoint\",\"urlTemplate\":\"https:\\\/\\\/radiometeory.pl\\\/?s={search_term_string}\"},\"query-input\":{\"@type\":\"PropertyValueSpecification\",\"valueRequired\":true,\"valueName\":\"search_term_string\"}}],\"inLanguage\":\"en-US\"},{\"@type\":[\"Person\",\"Organization\"],\"@id\":\"https:\\\/\\\/radiometeory.pl\\\/#\\\/schema\\\/person\\\/890fe81cf5011b6fbb8fb5eee41325cc\",\"name\":\"Piotr\",\"image\":{\"@type\":\"ImageObject\",\"inLanguage\":\"en-US\",\"@id\":\"https:\\\/\\\/secure.gravatar.com\\\/avatar\\\/a7e0a0416e69eade5b34d7b9e22a18c05b560db0bd817ea767443f4b1f62ab9b?s=96&d=mm&r=g\",\"url\":\"https:\\\/\\\/secure.gravatar.com\\\/avatar\\\/a7e0a0416e69eade5b34d7b9e22a18c05b560db0bd817ea767443f4b1f62ab9b?s=96&d=mm&r=g\",\"contentUrl\":\"https:\\\/\\\/secure.gravatar.com\\\/avatar\\\/a7e0a0416e69eade5b34d7b9e22a18c05b560db0bd817ea767443f4b1f62ab9b?s=96&d=mm&r=g\",\"caption\":\"Piotr\"},\"logo\":{\"@id\":\"https:\\\/\\\/secure.gravatar.com\\\/avatar\\\/a7e0a0416e69eade5b34d7b9e22a18c05b560db0bd817ea767443f4b1f62ab9b?s=96&d=mm&r=g\"},\"sameAs\":[\"http:\\\/\\\/radiometeory.pl\"]}]}<\/script>\n<!-- \/ Yoast SEO plugin. -->","yoast_head_json":{"title":"NA \u017bYWO! - Radiometeory","robots":{"index":"index","follow":"follow","max-snippet":"max-snippet:-1","max-image-preview":"max-image-preview:large","max-video-preview":"max-video-preview:-1"},"canonical":"https:\/\/radiometeory.pl\/en\/na-zywo\/","og_locale":"en_US","og_type":"article","og_title":"NA \u017bYWO! - Radiometeory","og_description":"Zapraszam do radiowych obserwacji meteor\u00f3w na \u017cywo!","og_url":"https:\/\/radiometeory.pl\/en\/na-zywo\/","og_site_name":"Radiometeory","article_modified_time":"2023-08-13T20:11:14+00:00","twitter_card":"summary_large_image","twitter_misc":{"Est. reading time":"1 minute"},"schema":{"@context":"https:\/\/schema.org","@graph":[{"@type":"WebPage","@id":"https:\/\/radiometeory.pl\/na-zywo\/","url":"https:\/\/radiometeory.pl\/na-zywo\/","name":"NA \u017bYWO! - Radiometeory","isPartOf":{"@id":"https:\/\/radiometeory.pl\/#website"},"datePublished":"2021-11-14T00:31:54+00:00","dateModified":"2023-08-13T20:11:14+00:00","breadcrumb":{"@id":"https:\/\/radiometeory.pl\/na-zywo\/#breadcrumb"},"inLanguage":"en-US","potentialAction":[{"@type":"ReadAction","target":["https:\/\/radiometeory.pl\/na-zywo\/"]}]},{"@type":"BreadcrumbList","@id":"https:\/\/radiometeory.pl\/na-zywo\/#breadcrumb","itemListElement":[{"@type":"ListItem","position":1,"name":"Strona g\u0142\u00f3wna","item":"https:\/\/radiometeory.pl\/"},{"@type":"ListItem","position":2,"name":"NA \u017bYWO!"}]},{"@type":"WebSite","@id":"https:\/\/radiometeory.pl\/#website","url":"https:\/\/radiometeory.pl\/","name":"Radiometeory","description":"Radiowe obserwacje meteor\u00f3w","publisher":{"@id":"https:\/\/radiometeory.pl\/#\/schema\/person\/890fe81cf5011b6fbb8fb5eee41325cc"},"potentialAction":[{"@type":"SearchAction","target":{"@type":"EntryPoint","urlTemplate":"https:\/\/radiometeory.pl\/?s={search_term_string}"},"query-input":{"@type":"PropertyValueSpecification","valueRequired":true,"valueName":"search_term_string"}}],"inLanguage":"en-US"},{"@type":["Person","Organization"],"@id":"https:\/\/radiometeory.pl\/#\/schema\/person\/890fe81cf5011b6fbb8fb5eee41325cc","name":"Piotr","image":{"@type":"ImageObject","inLanguage":"en-US","@id":"https:\/\/secure.gravatar.com\/avatar\/a7e0a0416e69eade5b34d7b9e22a18c05b560db0bd817ea767443f4b1f62ab9b?s=96&d=mm&r=g","url":"https:\/\/secure.gravatar.com\/avatar\/a7e0a0416e69eade5b34d7b9e22a18c05b560db0bd817ea767443f4b1f62ab9b?s=96&d=mm&r=g","contentUrl":"https:\/\/secure.gravatar.com\/avatar\/a7e0a0416e69eade5b34d7b9e22a18c05b560db0bd817ea767443f4b1f62ab9b?s=96&d=mm&r=g","caption":"Piotr"},"logo":{"@id":"https:\/\/secure.gravatar.com\/avatar\/a7e0a0416e69eade5b34d7b9e22a18c05b560db0bd817ea767443f4b1f62ab9b?s=96&d=mm&r=g"},"sameAs":["http:\/\/radiometeory.pl"]}]}},"_links":{"self":[{"href":"https:\/\/radiometeory.pl\/en\/wp-json\/wp\/v2\/pages\/43","targetHints":{"allow":["GET"]}}],"collection":[{"href":"https:\/\/radiometeory.pl\/en\/wp-json\/wp\/v2\/pages"}],"about":[{"href":"https:\/\/radiometeory.pl\/en\/wp-json\/wp\/v2\/types\/page"}],"author":[{"embeddable":true,"href":"https:\/\/radiometeory.pl\/en\/wp-json\/wp\/v2\/users\/1"}],"replies":[{"embeddable":true,"href":"https:\/\/radiometeory.pl\/en\/wp-json\/wp\/v2\/comments?post=43"}],"version-history":[{"count":12,"href":"https:\/\/radiometeory.pl\/en\/wp-json\/wp\/v2\/pages\/43\/revisions"}],"predecessor-version":[{"id":107,"href":"https:\/\/radiometeory.pl\/en\/wp-json\/wp\/v2\/pages\/43\/revisions\/107"}],"wp:attachment":[{"href":"https:\/\/radiometeory.pl\/en\/wp-json\/wp\/v2\/media?parent=43"}],"curies":[{"name":"wp","href":"https:\/\/api.w.org\/{rel}","templated":true}]}}